{"id":2650,"date":"2021-03-09T20:32:24","date_gmt":"2021-03-09T20:32:24","guid":{"rendered":"https:\/\/coco7.hu\/?post_type=product&#038;p=2650"},"modified":"2025-07-22T12:48:27","modified_gmt":"2025-07-22T12:48:27","slug":"amorszivtorta","status":"publish","type":"product","link":"https:\/\/coco7.hu\/en\/product\/amorszivtorta\/","title":{"rendered":"\u00c1mor sz\u00edv torta 9 szeletes (rendel\u00e9sre)"},"content":{"rendered":"","protected":false},"excerpt":{"rendered":"<p>Mandul\u00e1s pisk\u00f3ta, k\u00f6nny\u0171 eper mousse \u00e9s eper komp\u00f3t&#8230;mindez gy\u00f6ny\u00f6r\u0171 3D sz\u00edv form\u00e1ban<\/p>","protected":false},"featured_media":3570,"comment_status":"open","ping_status":"closed","template":"","meta":[],"product_brand":[],"product_cat":[15,56],"product_tag":[],"class_list":{"0":"post-2650","1":"product","2":"type-product","3":"status-publish","4":"has-post-thumbnail","6":"product_cat-minden-termek","7":"product_cat-tortak","9":"first","10":"instock","11":"taxable","12":"shipping-taxable","13":"purchasable","14":"product-type-simple"},"_links":{"self":[{"href":"https:\/\/coco7.hu\/en\/wp-json\/wp\/v2\/product\/2650","targetHints":{"allow":["GET"]}}],"collection":[{"href":"https:\/\/coco7.hu\/en\/wp-json\/wp\/v2\/product"}],"about":[{"href":"https:\/\/coco7.hu\/en\/wp-json\/wp\/v2\/types\/product"}],"replies":[{"embeddable":true,"href":"https:\/\/coco7.hu\/en\/wp-json\/wp\/v2\/comments?post=2650"}],"version-history":[{"count":1,"href":"https:\/\/coco7.hu\/en\/wp-json\/wp\/v2\/product\/2650\/revisions"}],"predecessor-version":[{"id":3063,"href":"https:\/\/coco7.hu\/en\/wp-json\/wp\/v2\/product\/2650\/revisions\/3063"}],"wp:featuredmedia":[{"embeddable":true,"href":"https:\/\/coco7.hu\/en\/wp-json\/wp\/v2\/media\/3570"}],"wp:attachment":[{"href":"https:\/\/coco7.hu\/en\/wp-json\/wp\/v2\/media?parent=2650"}],"wp:term":[{"taxonomy":"product_brand","embeddable":true,"href":"https:\/\/coco7.hu\/en\/wp-json\/wp\/v2\/product_brand?post=2650"},{"taxonomy":"product_cat","embeddable":true,"href":"https:\/\/coco7.hu\/en\/wp-json\/wp\/v2\/product_cat?post=2650"},{"taxonomy":"product_tag","embeddable":true,"href":"https:\/\/coco7.hu\/en\/wp-json\/wp\/v2\/product_tag?post=2650"}],"curies":[{"name":"wp","href":"https:\/\/api.w.org\/{rel}","templated":true}]}}