{"id":2648,"date":"2021-03-09T20:31:39","date_gmt":"2021-03-09T20:31:39","guid":{"rendered":"https:\/\/coco7.hu\/?post_type=product&#038;p=2648"},"modified":"2025-07-22T12:48:44","modified_gmt":"2025-07-22T12:48:44","slug":"amor-torta","status":"publish","type":"product","link":"https:\/\/coco7.hu\/en\/product\/amor-torta\/","title":{"rendered":"\u00c1mor torta (10 szelet &#8211; rendel\u00e9sre)"},"content":{"rendered":"","protected":false},"excerpt":{"rendered":"<h4 class=\"middle-margin-after\">Eper mousse eper komp\u00f3ttal \u00e9s ropog\u00f3s joghurtr\u00e9teggel.<\/h4>","protected":false},"featured_media":3572,"comment_status":"open","ping_status":"closed","template":"","meta":[],"product_brand":[],"product_cat":[15,56],"product_tag":[64,61,65,62],"class_list":{"0":"post-2648","1":"product","2":"type-product","3":"status-publish","4":"has-post-thumbnail","6":"product_cat-minden-termek","7":"product_cat-tortak","8":"product_tag-gluten","9":"product_tag-laktoz","10":"product_tag-mandula","11":"product_tag-szoja","13":"first","14":"instock","15":"taxable","16":"shipping-taxable","17":"purchasable","18":"product-type-simple"},"_links":{"self":[{"href":"https:\/\/coco7.hu\/en\/wp-json\/wp\/v2\/product\/2648","targetHints":{"allow":["GET"]}}],"collection":[{"href":"https:\/\/coco7.hu\/en\/wp-json\/wp\/v2\/product"}],"about":[{"href":"https:\/\/coco7.hu\/en\/wp-json\/wp\/v2\/types\/product"}],"replies":[{"embeddable":true,"href":"https:\/\/coco7.hu\/en\/wp-json\/wp\/v2\/comments?post=2648"}],"version-history":[{"count":1,"href":"https:\/\/coco7.hu\/en\/wp-json\/wp\/v2\/product\/2648\/revisions"}],"predecessor-version":[{"id":2652,"href":"https:\/\/coco7.hu\/en\/wp-json\/wp\/v2\/product\/2648\/revisions\/2652"}],"wp:featuredmedia":[{"embeddable":true,"href":"https:\/\/coco7.hu\/en\/wp-json\/wp\/v2\/media\/3572"}],"wp:attachment":[{"href":"https:\/\/coco7.hu\/en\/wp-json\/wp\/v2\/media?parent=2648"}],"wp:term":[{"taxonomy":"product_brand","embeddable":true,"href":"https:\/\/coco7.hu\/en\/wp-json\/wp\/v2\/product_brand?post=2648"},{"taxonomy":"product_cat","embeddable":true,"href":"https:\/\/coco7.hu\/en\/wp-json\/wp\/v2\/product_cat?post=2648"},{"taxonomy":"product_tag","embeddable":true,"href":"https:\/\/coco7.hu\/en\/wp-json\/wp\/v2\/product_tag?post=2648"}],"curies":[{"name":"wp","href":"https:\/\/api.w.org\/{rel}","templated":true}]}}