{"id":835,"date":"2017-07-19T03:10:10","date_gmt":"2017-07-19T03:10:10","guid":{"rendered":"http:\/\/dev.joomexp.com\/wordpress\/laboom\/?page_id=835"},"modified":"2025-09-28T18:53:17","modified_gmt":"2025-09-28T18:53:17","slug":"rolunk","status":"publish","type":"page","link":"https:\/\/coco7.hu\/en\/rolunk\/","title":{"rendered":"About Us"},"content":{"rendered":"<div data-elementor-type=\"wp-page\" data-elementor-id=\"835\" class=\"elementor elementor-835\" data-elementor-post-type=\"page\">\n\t\t\t\t\t\t<section class=\"elementor-section elementor-top-section elementor-element elementor-element-48a2f81c elementor-section-boxed elementor-section-height-default elementor-section-height-default\" data-id=\"48a2f81c\" data-element_type=\"section\" data-settings=\"{&quot;background_background&quot;:&quot;classic&quot;}\">\n\t\t\t\t\t\t\t<div class=\"elementor-background-overlay\"><\/div>\n\t\t\t\t\t\t\t<div class=\"elementor-container elementor-column-gap-default\">\n\t\t\t\t\t<div class=\"elementor-column elementor-col-100 elementor-top-column elementor-element elementor-element-49a59089\" data-id=\"49a59089\" data-element_type=\"column\">\n\t\t\t<div class=\"elementor-widget-wrap elementor-element-populated\">\n\t\t\t\t\t\t<div class=\"elementor-element elementor-element-615d5e3a elementor-invisible elementor-widget elementor-widget-heading\" data-id=\"615d5e3a\" data-element_type=\"widget\" data-settings=\"{&quot;_animation&quot;:&quot;fadeInDown&quot;}\" data-widget_type=\"heading.default\">\n\t\t\t\t\t<h2 class=\"elementor-heading-title elementor-size-default\">About Us<\/h2>\t\t\t\t<\/div>\n\t\t\t\t\t<\/div>\n\t\t<\/div>\n\t\t\t\t\t<\/div>\n\t\t<\/section>\n\t\t\t\t<section class=\"elementor-section elementor-top-section elementor-element elementor-element-61678efa elementor-section-boxed elementor-section-height-default elementor-section-height-default\" data-id=\"61678efa\" data-element_type=\"section\">\n\t\t\t\t\t\t<div class=\"elementor-container elementor-column-gap-default\">\n\t\t\t\t\t<div class=\"elementor-column elementor-col-100 elementor-top-column elementor-element elementor-element-4dbe23dc\" data-id=\"4dbe23dc\" data-element_type=\"column\">\n\t\t\t<div class=\"elementor-widget-wrap elementor-element-populated\">\n\t\t\t\t\t\t<section class=\"elementor-section elementor-inner-section elementor-element elementor-element-7857cf9f elementor-section-boxed elementor-section-height-default elementor-section-height-default\" data-id=\"7857cf9f\" data-element_type=\"section\">\n\t\t\t\t\t\t<div class=\"elementor-container elementor-column-gap-default\">\n\t\t\t\t\t<div class=\"elementor-column elementor-col-50 elementor-inner-column elementor-element elementor-element-160951c2\" data-id=\"160951c2\" data-element_type=\"column\">\n\t\t\t<div class=\"elementor-widget-wrap elementor-element-populated\">\n\t\t\t\t\t\t<div class=\"elementor-element elementor-element-43c2de9e elementor-widget elementor-widget-heading\" data-id=\"43c2de9e\" data-element_type=\"widget\" data-widget_type=\"heading.default\">\n\t\t\t\t\t<h2 class=\"elementor-heading-title elementor-size-default\">Coc\u00f37<\/h2>\t\t\t\t<\/div>\n\t\t\t\t\t<\/div>\n\t\t<\/div>\n\t\t\t\t<div class=\"elementor-column elementor-col-50 elementor-inner-column elementor-element elementor-element-b78b6b0\" data-id=\"b78b6b0\" data-element_type=\"column\">\n\t\t\t<div class=\"elementor-widget-wrap elementor-element-populated\">\n\t\t\t\t\t\t<div class=\"elementor-element elementor-element-45a17af4 elementor-widget elementor-widget-text-editor\" data-id=\"45a17af4\" data-element_type=\"widget\" data-widget_type=\"text-editor.default\">\n\t\t\t\t\t\t\t\t\t<p>Szenved\u00e9lyem a mesters\u00e9gem, ebben szerencs\u00e9re a f\u00e9rjem \u00e9s h\u00e9t gyermekem is t\u00e1mogat.<\/p><p>Becenevem Coc\u00f3, a hetes sz\u00e1m jelent\u00e9s\u00e9t pedig m\u00e1r nem kell magyar\u00e1zni, ugye? N\u00e9zzenek be hozz\u00e1nk ha a Hatty\u00fa utc\u00e1ban j\u00e1rnak, de j\u00f6hetnek vel\u00fcnk egy virtu\u00e1lis s\u00e9t\u00e1ra is, nem fogj\u00e1k megb\u00e1nni! Indulhatunk?<\/p>\t\t\t\t\t\t\t\t<\/div>\n\t\t\t\t\t<\/div>\n\t\t<\/div>\n\t\t\t\t\t<\/div>\n\t\t<\/section>\n\t\t\t\t\t<\/div>\n\t\t<\/div>\n\t\t\t\t\t<\/div>\n\t\t<\/section>\n\t\t\t\t<section class=\"elementor-section elementor-top-section elementor-element elementor-element-20b7edb elementor-section-boxed elementor-section-height-default elementor-section-height-default\" data-id=\"20b7edb\" data-element_type=\"section\">\n\t\t\t\t\t\t<div class=\"elementor-container elementor-column-gap-default\">\n\t\t\t\t\t<div class=\"elementor-column elementor-col-100 elementor-top-column elementor-element elementor-element-e9ecc31\" data-id=\"e9ecc31\" data-element_type=\"column\">\n\t\t\t<div class=\"elementor-widget-wrap elementor-element-populated\">\n\t\t\t\t\t\t<section class=\"elementor-section elementor-inner-section elementor-element elementor-element-ea21a11 elementor-section-boxed elementor-section-height-default elementor-section-height-default\" data-id=\"ea21a11\" data-element_type=\"section\">\n\t\t\t\t\t\t<div class=\"elementor-container elementor-column-gap-default\">\n\t\t\t\t\t<div class=\"elementor-column elementor-col-100 elementor-inner-column elementor-element elementor-element-6b38d1e\" data-id=\"6b38d1e\" data-element_type=\"column\">\n\t\t\t<div class=\"elementor-widget-wrap\">\n\t\t\t\t\t\t\t<\/div>\n\t\t<\/div>\n\t\t\t\t\t<\/div>\n\t\t<\/section>\n\t\t\t\t<div class=\"elementor-element elementor-element-06d712b elementor-widget elementor-widget-image\" data-id=\"06d712b\" data-element_type=\"widget\" data-widget_type=\"image.default\">\n\t\t\t\t\t\t\t\t\t\t\t\t\t\t\t<img fetchpriority=\"high\" decoding=\"async\" width=\"2560\" height=\"1703\" src=\"https:\/\/coco7.hu\/wp-content\/uploads\/2025\/09\/IMG_9677-scaled.jpg\" class=\"attachment-full size-full wp-image-4293\" alt=\"\" srcset=\"https:\/\/coco7.hu\/wp-content\/uploads\/2025\/09\/IMG_9677-scaled.jpg 2560w, https:\/\/coco7.hu\/wp-content\/uploads\/2025\/09\/IMG_9677-300x200.jpg 300w, https:\/\/coco7.hu\/wp-content\/uploads\/2025\/09\/IMG_9677-1024x681.jpg 1024w, https:\/\/coco7.hu\/wp-content\/uploads\/2025\/09\/IMG_9677-768x511.jpg 768w, https:\/\/coco7.hu\/wp-content\/uploads\/2025\/09\/IMG_9677-1536x1022.jpg 1536w, https:\/\/coco7.hu\/wp-content\/uploads\/2025\/09\/IMG_9677-2048x1363.jpg 2048w, https:\/\/coco7.hu\/wp-content\/uploads\/2025\/09\/IMG_9677-18x12.jpg 18w, https:\/\/coco7.hu\/wp-content\/uploads\/2025\/09\/IMG_9677-600x399.jpg 600w\" sizes=\"(max-width: 2560px) 100vw, 2560px\" \/>\t\t\t\t\t\t\t\t\t\t\t\t\t\t\t<\/div>\n\t\t\t\t<section class=\"elementor-section elementor-inner-section elementor-element elementor-element-4bf6fc3 elementor-section-boxed elementor-section-height-default elementor-section-height-default\" data-id=\"4bf6fc3\" data-element_type=\"section\">\n\t\t\t\t\t\t<div class=\"elementor-container elementor-column-gap-default\">\n\t\t\t\t\t<div class=\"elementor-column elementor-col-100 elementor-inner-column elementor-element elementor-element-a5db485 elementor-invisible\" data-id=\"a5db485\" data-element_type=\"column\" data-settings=\"{&quot;background_background&quot;:&quot;classic&quot;,&quot;animation&quot;:&quot;slideInLeft&quot;}\">\n\t\t\t<div class=\"elementor-widget-wrap elementor-element-populated\">\n\t\t\t\t\t\t<div class=\"elementor-element elementor-element-bb39f49 elementor-widget elementor-widget-heading\" data-id=\"bb39f49\" data-element_type=\"widget\" data-widget_type=\"heading.default\">\n\t\t\t\t\t<h2 class=\"elementor-heading-title elementor-size-default\">T\u00f6rt\u00e9net\u00fcnk<\/h2>\t\t\t\t<\/div>\n\t\t\t\t<div class=\"elementor-element elementor-element-5973d8b elementor-widget-divider--view-line elementor-widget elementor-widget-divider\" data-id=\"5973d8b\" data-element_type=\"widget\" data-widget_type=\"divider.default\">\n\t\t\t\t\t\t\t<div class=\"elementor-divider\">\n\t\t\t<span class=\"elementor-divider-separator\">\n\t\t\t\t\t\t<\/span>\n\t\t<\/div>\n\t\t\t\t\t\t<\/div>\n\t\t\t\t<div class=\"elementor-element elementor-element-c2e0f43 elementor-widget elementor-widget-text-editor\" data-id=\"c2e0f43\" data-element_type=\"widget\" data-widget_type=\"text-editor.default\">\n\t\t\t\t\t\t\t\t\t<p>Our family business is a long-cherished dream come true. I have always felt that making chocolate could be at least as much fun as eating it, but I stayed on the more comfortable side for a while: eating chocolate made by others. A few years ago though I had the opportunity to take part in a chocolate making course in France. That was the time when I decided that this is what I want to pursue.<\/p><p>Akkor d\u00f6nt\u00f6ttem el, hogy ezzel szeretn\u00e9k foglalkozni. Itthon bele is v\u00e1gtam, beiratkoztam az egyik legjobb csokik\u00e9sz\u00edt\u0151 iskol\u00e1ba &#8211; a Csokol\u00e1d\u00e9 Akad\u00e9mi\u00e1ra -, ahov\u00e1 az egy\u00e9bk\u00e9nt opera\u00e9nekes f\u00e9rjem is elk\u00eds\u00e9rt.<\/p><p>Itt r\u00e1ad\u00e1sk\u00e9nt elsaj\u00e1t\u00edtottuk a mousse tort\u00e1k k\u00e9sz\u00edt\u00e9s\u00e9nek minden cs\u00ednj\u00e1t-b\u00ednj\u00e1t. T\u00f6bb \u00e9v gyakorl\u00e1s ut\u00e1n v\u00e9g\u00fcl 2016 szeptember\u00e9ben megnyitottuk \u00fczlet\u00fcnket, ahol saj\u00e1t finoms\u00e1gokat k\u00e9sz\u00edt\u00fcnk \u00e9s k\u00edn\u00e1lunk. A f\u00e9rjem ugyan megmaradt az \u00e9nekl\u00e9sn\u00e9l, de f\u0151 min\u0151s\u00e9gellen\u0151rk\u00e9nt mindig sz\u00e1m\u00edthatok r\u00e1.<\/p>\t\t\t\t\t\t\t\t<\/div>\n\t\t\t\t<div class=\"elementor-element elementor-element-c3f4540 elementor-widget__width-auto elementor-view-default elementor-widget elementor-widget-icon\" data-id=\"c3f4540\" data-element_type=\"widget\" data-widget_type=\"icon.default\">\n\t\t\t\t\t\t\t<div class=\"elementor-icon-wrapper\">\n\t\t\t<div class=\"elementor-icon\">\n\t\t\t<i aria-hidden=\"true\" class=\"oi oi-double-quote-serif-right\"><\/i>\t\t\t<\/div>\n\t\t<\/div>\n\t\t\t\t\t\t<\/div>\n\t\t\t\t<div class=\"elementor-element elementor-element-19e8df3 elementor-widget elementor-widget-text-editor\" data-id=\"19e8df3\" data-element_type=\"widget\" data-widget_type=\"text-editor.default\">\n\t\t\t\t\t\t\t\t\t<p>Our basic principle is making our products using only the best ingredients, and to top it all you can watch the whole process by looking through the window of our workshop.<\/p>\t\t\t\t\t\t\t\t<\/div>\n\t\t\t\t<div class=\"elementor-element elementor-element-3e14a0e elementor-author-box--layout-image-left elementor-author-box--align-left elementor-widget elementor-widget-author-box\" data-id=\"3e14a0e\" data-element_type=\"widget\" data-widget_type=\"author-box.default\">\n\t\t\t\t\t\t\t<div class=\"elementor-author-box\">\n\t\t\t\t\t\t\t<div  class=\"elementor-author-box__avatar\">\n\t\t\t\t\t<img decoding=\"async\" src=\"https:\/\/coco7.hu\/wp-content\/uploads\/2025\/09\/Cocolatte-300x200.jpg\" alt=\"Picture of Bretzn\u00e9 Fodor Bernadett\" loading=\"lazy\">\n\t\t\t\t<\/div>\n\t\t\t\n\t\t\t<div class=\"elementor-author-box__text\">\n\t\t\t\t\t\t\t\t\t<div >\n\t\t\t\t\t\t<h4 class=\"elementor-author-box__name\">\n\t\t\t\t\t\t\tWith love: Bernadett Bretzn\u00e9 Fodor\t\t\t\t\t\t<\/h4>\n\t\t\t\t\t<\/div>\n\t\t\t\t\n\t\t\t\t\t\t\t\t\t<div class=\"elementor-author-box__bio\">\n\t\t\t\t\t\t<p>C\u00e9gvezet\u0151<\/p>\n\t\t\t\t\t<\/div>\n\t\t\t\t\n\t\t\t\t\t\t\t<\/div>\n\t\t<\/div>\n\t\t\t\t\t\t<\/div>\n\t\t\t\t\t<\/div>\n\t\t<\/div>\n\t\t\t\t\t<\/div>\n\t\t<\/section>\n\t\t\t\t\t<\/div>\n\t\t<\/div>\n\t\t\t\t\t<\/div>\n\t\t<\/section>\n\t\t\t\t<\/div>","protected":false},"excerpt":{"rendered":"<p>R\u00f3lunk Coc\u00f37 Szenved\u00e9lyem a mesters\u00e9gem, ebben szerencs\u00e9re a f\u00e9rjem \u00e9s h\u00e9t gyermekem is t\u00e1mogat. Becenevem Coc\u00f3, a hetes sz\u00e1m jelent\u00e9s\u00e9t pedig m\u00e1r nem kell magyar\u00e1zni, ugye? N\u00e9zzenek be hozz\u00e1nk ha a Hatty\u00fa utc\u00e1ban j\u00e1rnak, de j\u00f6hetnek vel\u00fcnk egy virtu\u00e1lis s\u00e9t\u00e1ra is, nem fogj\u00e1k megb\u00e1nni! Indulhatunk? T\u00f6rt\u00e9net\u00fcnk Csal\u00e1di v\u00e1llalkoz\u00e1sunk egy r\u00e9g\u00f3ta d\u00e9delgetett \u00e1lom beteljes\u00fcl\u00e9se. Mindig is [&hellip;]<\/p>","protected":false},"author":1,"featured_media":0,"parent":0,"menu_order":0,"comment_status":"closed","ping_status":"closed","template":"elementor_header_footer","meta":{"footnotes":""},"class_list":["post-835","page","type-page","status-publish","hentry"],"_links":{"self":[{"href":"https:\/\/coco7.hu\/en\/wp-json\/wp\/v2\/pages\/835","targetHints":{"allow":["GET"]}}],"collection":[{"href":"https:\/\/coco7.hu\/en\/wp-json\/wp\/v2\/pages"}],"about":[{"href":"https:\/\/coco7.hu\/en\/wp-json\/wp\/v2\/types\/page"}],"author":[{"embeddable":true,"href":"https:\/\/coco7.hu\/en\/wp-json\/wp\/v2\/users\/1"}],"replies":[{"embeddable":true,"href":"https:\/\/coco7.hu\/en\/wp-json\/wp\/v2\/comments?post=835"}],"version-history":[{"count":16,"href":"https:\/\/coco7.hu\/en\/wp-json\/wp\/v2\/pages\/835\/revisions"}],"predecessor-version":[{"id":4296,"href":"https:\/\/coco7.hu\/en\/wp-json\/wp\/v2\/pages\/835\/revisions\/4296"}],"wp:attachment":[{"href":"https:\/\/coco7.hu\/en\/wp-json\/wp\/v2\/media?parent=835"}],"curies":[{"name":"wp","href":"https:\/\/api.w.org\/{rel}","templated":true}]}}