{"id":3896,"date":"2025-08-07T14:07:38","date_gmt":"2025-08-07T14:07:38","guid":{"rendered":"https:\/\/coco7.hu\/?page_id=3896"},"modified":"2026-03-18T16:24:20","modified_gmt":"2026-03-18T16:24:20","slug":"kezdolap-elementor","status":"publish","type":"page","link":"https:\/\/coco7.hu\/en\/","title":{"rendered":"Home"},"content":{"rendered":"<div data-elementor-type=\"wp-page\" data-elementor-id=\"3896\" class=\"elementor elementor-3896\" data-elementor-post-type=\"page\">\n\t\t\t\t\t\t<section class=\"elementor-section elementor-top-section elementor-element elementor-element-39cc689d elementor-section-boxed elementor-section-height-default elementor-section-height-default\" data-id=\"39cc689d\" data-element_type=\"section\" data-settings=\"{&quot;background_background&quot;:&quot;slideshow&quot;,&quot;background_slideshow_gallery&quot;:[{&quot;id&quot;:4683,&quot;url&quot;:&quot;https:\\\/\\\/coco7.hu\\\/wp-content\\\/uploads\\\/2026\\\/03\\\/image0-scaled.jpeg&quot;},{&quot;id&quot;:3967,&quot;url&quot;:&quot;https:\\\/\\\/coco7.hu\\\/wp-content\\\/uploads\\\/2025\\\/09\\\/IMG_9046-scaled.jpg&quot;}],&quot;background_slideshow_slide_duration&quot;:1000,&quot;background_slideshow_loop&quot;:&quot;yes&quot;,&quot;background_slideshow_slide_transition&quot;:&quot;fade&quot;,&quot;background_slideshow_transition_duration&quot;:500}\">\n\t\t\t\t\t\t\t<div class=\"elementor-background-overlay\"><\/div>\n\t\t\t\t\t\t\t<div class=\"elementor-container elementor-column-gap-default\">\n\t\t\t\t\t<div class=\"elementor-column elementor-col-100 elementor-top-column elementor-element elementor-element-7961524c elementor-invisible\" data-id=\"7961524c\" data-element_type=\"column\" data-settings=\"{&quot;animation&quot;:&quot;fadeInDown&quot;}\">\n\t\t\t<div class=\"elementor-widget-wrap elementor-element-populated\">\n\t\t\t\t\t\t<div class=\"elementor-element elementor-element-04688ed elementor-widget elementor-widget-image\" data-id=\"04688ed\" data-element_type=\"widget\" data-widget_type=\"image.default\">\n\t\t\t\t\t\t\t\t\t\t\t\t\t\t\t<img fetchpriority=\"high\" decoding=\"async\" width=\"1124\" height=\"1276\" src=\"https:\/\/coco7.hu\/wp-content\/uploads\/2025\/09\/coco7_logo_tp.png\" class=\"attachment-full size-full wp-image-4167\" alt=\"\" srcset=\"https:\/\/coco7.hu\/wp-content\/uploads\/2025\/09\/coco7_logo_tp.png 1124w, https:\/\/coco7.hu\/wp-content\/uploads\/2025\/09\/coco7_logo_tp-264x300.png 264w, https:\/\/coco7.hu\/wp-content\/uploads\/2025\/09\/coco7_logo_tp-902x1024.png 902w, https:\/\/coco7.hu\/wp-content\/uploads\/2025\/09\/coco7_logo_tp-768x872.png 768w, https:\/\/coco7.hu\/wp-content\/uploads\/2025\/09\/coco7_logo_tp-11x12.png 11w, https:\/\/coco7.hu\/wp-content\/uploads\/2025\/09\/coco7_logo_tp-600x681.png 600w\" sizes=\"(max-width: 1124px) 100vw, 1124px\" \/>\t\t\t\t\t\t\t\t\t\t\t\t\t\t\t<\/div>\n\t\t\t\t<div class=\"elementor-element elementor-element-1e244627 elementor-widget-mobile__width-initial elementor-widget elementor-widget-text-editor\" data-id=\"1e244627\" data-element_type=\"widget\" data-widget_type=\"text-editor.default\">\n\t\t\t\t\t\t\t\t\t<p>H\u00daSV\u00c9TI K\u00cdN\u00c1LATUNK M\u00c1R RENDELHET\u0150!<\/p>\t\t\t\t\t\t\t\t<\/div>\n\t\t\t\t<div class=\"elementor-element elementor-element-945aef0 elementor-widget-mobile__width-inherit elementor-widget elementor-widget-text-editor\" data-id=\"945aef0\" data-element_type=\"widget\" data-widget_type=\"text-editor.default\">\n\t\t\t\t\t\t\t\t\t<p>Term\u00e9keink gondosan v\u00e1logatott alapanyagokb\u00f3l k\u00e9sz\u00fclnek, a legmagasabb szint\u0171 k\u00e9zm\u0171ves precizit\u00e1ssal<\/p>\t\t\t\t\t\t\t\t<\/div>\n\t\t\t\t<section class=\"elementor-section elementor-inner-section elementor-element elementor-element-5c727049 elementor-section-boxed elementor-section-height-default elementor-section-height-default\" data-id=\"5c727049\" data-element_type=\"section\">\n\t\t\t\t\t\t<div class=\"elementor-container elementor-column-gap-no\">\n\t\t\t\t\t<div class=\"elementor-column elementor-col-100 elementor-inner-column elementor-element elementor-element-f746923\" data-id=\"f746923\" data-element_type=\"column\">\n\t\t\t<div class=\"elementor-widget-wrap elementor-element-populated\">\n\t\t\t\t\t\t<div class=\"elementor-element elementor-element-52a62e8d elementor-align-left elementor-mobile-align-right elementor-widget elementor-widget-button\" data-id=\"52a62e8d\" data-element_type=\"widget\" data-widget_type=\"button.default\">\n\t\t\t\t\t\t\t\t\t\t<a class=\"elementor-button elementor-button-link elementor-size-md\" href=\"https:\/\/coco7.hu\/en\/product-category\/szezonalis-ajanlatok\/\">\n\t\t\t\t\t\t<span class=\"elementor-button-content-wrapper\">\n\t\t\t\t\t\t<span class=\"elementor-button-icon\">\n\t\t\t\t<i aria-hidden=\"true\" class=\"icon_bag_alt\"><\/i>\t\t\t<\/span>\n\t\t\t\t\t\t\t\t\t<span class=\"elementor-button-text\">Rendelek<\/span>\n\t\t\t\t\t<\/span>\n\t\t\t\t\t<\/a>\n\t\t\t\t\t\t\t\t<\/div>\n\t\t\t\t\t<\/div>\n\t\t<\/div>\n\t\t\t\t\t<\/div>\n\t\t<\/section>\n\t\t\t\t\t<\/div>\n\t\t<\/div>\n\t\t\t\t\t<\/div>\n\t\t<\/section>\n\t\t\t\t<section class=\"elementor-section elementor-top-section elementor-element elementor-element-385f77f3 elementor-section-boxed elementor-section-height-default elementor-section-height-default\" data-id=\"385f77f3\" data-element_type=\"section\" data-settings=\"{&quot;background_background&quot;:&quot;classic&quot;}\">\n\t\t\t\t\t\t<div class=\"elementor-container elementor-column-gap-default\">\n\t\t\t\t\t<div class=\"elementor-column elementor-col-100 elementor-top-column elementor-element elementor-element-ac743a8\" data-id=\"ac743a8\" data-element_type=\"column\" data-settings=\"{&quot;background_background&quot;:&quot;classic&quot;}\">\n\t\t\t<div class=\"elementor-widget-wrap elementor-element-populated\">\n\t\t\t\t\t\t<section class=\"elementor-section elementor-inner-section elementor-element elementor-element-1f09ba2d elementor-section-boxed elementor-section-height-default elementor-section-height-default\" data-id=\"1f09ba2d\" data-element_type=\"section\">\n\t\t\t\t\t\t<div class=\"elementor-container elementor-column-gap-default\">\n\t\t\t\t\t<div class=\"elementor-column elementor-col-100 elementor-inner-column elementor-element elementor-element-63a18075\" data-id=\"63a18075\" data-element_type=\"column\">\n\t\t\t<div class=\"elementor-widget-wrap elementor-element-populated\">\n\t\t\t\t\t\t<div class=\"elementor-element elementor-element-6d318965 elementor-invisible elementor-widget elementor-widget-heading\" data-id=\"6d318965\" data-element_type=\"widget\" data-settings=\"{&quot;_animation&quot;:&quot;fadeInUp&quot;}\" data-widget_type=\"heading.default\">\n\t\t\t\t\t<h2 class=\"elementor-heading-title elementor-size-default\">C\u00e9geknek<\/h2>\t\t\t\t<\/div>\n\t\t\t\t<div class=\"elementor-element elementor-element-68cb91c2 elementor-widget elementor-widget-text-editor\" data-id=\"68cb91c2\" data-element_type=\"widget\" data-widget_type=\"text-editor.default\">\n\t\t\t\t\t\t\t\t\t<p>Aj\u00e1nd\u00e9kozz k\u00fcl\u00f6nleges v\u00e1logat\u00e1st c\u00e9gen bel\u00fcl vagy partnereid sz\u00e1m\u00e1ra. Egyedi, l\u00f3g\u00f3zott bonbonokat, csokol\u00e1d\u00e9 \u00e9s borp\u00e1ros\u00edt\u00e1sokat. Hiszen nincs \u00e9desebb figyelmess\u00e9g, mint a csokol\u00e1d\u00e9.<\/p><p><br \/><strong>Kis-, k\u00f6z\u00e9p- \u00e9s nagy mennyis\u00e9g\u0171 rendel\u00e9st is v\u00e1llalunk!<\/strong><\/p>\t\t\t\t\t\t\t\t<\/div>\n\t\t\t\t<div class=\"elementor-element elementor-element-c536cbc elementor-widget elementor-widget-button\" data-id=\"c536cbc\" data-element_type=\"widget\" data-widget_type=\"button.default\">\n\t\t\t\t\t\t\t\t\t\t<a class=\"elementor-button elementor-button-link elementor-size-sm\" href=\"https:\/\/coco7.hu\/en\/cegeknek\/\">\n\t\t\t\t\t\t<span class=\"elementor-button-content-wrapper\">\n\t\t\t\t\t\t\t\t\t<span class=\"elementor-button-text\">Fedezd fel<\/span>\n\t\t\t\t\t<\/span>\n\t\t\t\t\t<\/a>\n\t\t\t\t\t\t\t\t<\/div>\n\t\t\t\t\t<\/div>\n\t\t<\/div>\n\t\t\t\t\t<\/div>\n\t\t<\/section>\n\t\t\t\t\t<\/div>\n\t\t<\/div>\n\t\t\t\t\t<\/div>\n\t\t<\/section>\n\t\t\t\t<section class=\"elementor-section elementor-top-section elementor-element elementor-element-7065f4e3 elementor-section-boxed elementor-section-height-default elementor-section-height-default\" data-id=\"7065f4e3\" data-element_type=\"section\">\n\t\t\t\t\t\t\t<div class=\"elementor-background-overlay\"><\/div>\n\t\t\t\t\t\t\t<div class=\"elementor-container elementor-column-gap-default\">\n\t\t\t\t\t<div class=\"elementor-column elementor-col-50 elementor-top-column elementor-element elementor-element-5c2a459b elementor-invisible\" data-id=\"5c2a459b\" data-element_type=\"column\" data-settings=\"{&quot;animation&quot;:&quot;rotateInUpRight&quot;}\">\n\t\t\t<div class=\"elementor-widget-wrap elementor-element-populated\">\n\t\t\t\t\t\t<div class=\"elementor-element elementor-element-714387c1 elementor-view-framed elementor-widget__width-auto elementor-absolute elementor-shape-circle elementor-widget elementor-widget-icon\" data-id=\"714387c1\" data-element_type=\"widget\" data-settings=\"{&quot;_position&quot;:&quot;absolute&quot;,&quot;_animation&quot;:&quot;none&quot;}\" data-widget_type=\"icon.default\">\n\t\t\t\t\t\t\t<div class=\"elementor-icon-wrapper\">\n\t\t\t<a class=\"elementor-icon\" href=\"#\">\n\t\t\t<i aria-hidden=\"true\" class=\"ion ion-md-play\"><\/i>\t\t\t<\/a>\n\t\t<\/div>\n\t\t\t\t\t\t<\/div>\n\t\t\t\t<div class=\"elementor-element elementor-element-2581c4b7 elementor-widget elementor-widget-image\" data-id=\"2581c4b7\" data-element_type=\"widget\" data-widget_type=\"image.default\">\n\t\t\t\t\t\t\t\t\t\t\t\t\t\t\t<img decoding=\"async\" width=\"2560\" height=\"1703\" src=\"https:\/\/coco7.hu\/wp-content\/uploads\/2025\/09\/IMG_9048-scaled.jpg\" class=\"attachment-full size-full wp-image-3969\" alt=\"GYERE \u00c9S TANULJ!\" srcset=\"https:\/\/coco7.hu\/wp-content\/uploads\/2025\/09\/IMG_9048-scaled.jpg 2560w, https:\/\/coco7.hu\/wp-content\/uploads\/2025\/09\/IMG_9048-300x200.jpg 300w, https:\/\/coco7.hu\/wp-content\/uploads\/2025\/09\/IMG_9048-1024x681.jpg 1024w, https:\/\/coco7.hu\/wp-content\/uploads\/2025\/09\/IMG_9048-768x511.jpg 768w, https:\/\/coco7.hu\/wp-content\/uploads\/2025\/09\/IMG_9048-1536x1022.jpg 1536w, https:\/\/coco7.hu\/wp-content\/uploads\/2025\/09\/IMG_9048-2048x1363.jpg 2048w, https:\/\/coco7.hu\/wp-content\/uploads\/2025\/09\/IMG_9048-18x12.jpg 18w, https:\/\/coco7.hu\/wp-content\/uploads\/2025\/09\/IMG_9048-600x399.jpg 600w\" sizes=\"(max-width: 2560px) 100vw, 2560px\" \/>\t\t\t\t\t\t\t\t\t\t\t\t\t\t\t<\/div>\n\t\t\t\t<div class=\"elementor-element elementor-element-4596748 elementor-widget elementor-widget-text-editor\" data-id=\"4596748\" data-element_type=\"widget\" data-widget_type=\"text-editor.default\">\n\t\t\t\t\t\t\t\t\t<p><strong><em>\u00c9rdekl\u0151d\u00e9s eset\u00e9n keress minket el\u00e9rhet\u0151s\u00e9geinken.<\/em><\/strong><\/p>\t\t\t\t\t\t\t\t<\/div>\n\t\t\t\t\t<\/div>\n\t\t<\/div>\n\t\t\t\t<div class=\"elementor-column elementor-col-50 elementor-top-column elementor-element elementor-element-128514bc\" data-id=\"128514bc\" data-element_type=\"column\">\n\t\t\t<div class=\"elementor-widget-wrap elementor-element-populated\">\n\t\t\t\t\t\t<div class=\"elementor-element elementor-element-95b450a elementor-invisible elementor-widget elementor-widget-heading\" data-id=\"95b450a\" data-element_type=\"widget\" data-settings=\"{&quot;_animation&quot;:&quot;fadeInUp&quot;}\" data-widget_type=\"heading.default\">\n\t\t\t\t\t<h2 class=\"elementor-heading-title elementor-size-default\">Workshopok, esem\u00e9nyek<\/h2>\t\t\t\t<\/div>\n\t\t\t\t<div class=\"elementor-element elementor-element-354d4da6 elementor-widget elementor-widget-text-editor\" data-id=\"354d4da6\" data-element_type=\"widget\" data-widget_type=\"text-editor.default\">\n\t\t\t\t\t\t\t\t\t<p>A bonbont nem csak elfogyasztani, elk\u00e9sz\u00edteni is nagy \u00e9lm\u00e9ny. \u00c9s t\u00f6k\u00e9letes p\u00e1ros, csapat \u00f6sszekov\u00e1csol\u00f3 vagy bar\u00e1tos program. Workshopjainkat 2-6 f\u0151s kapacit\u00e1ssal Hatty\u00fa utcai \u00fczlet\u00fcnkben tartjuk. Bonbon k\u00f3stol\u00f3 programjainkat pedig egyedi ig\u00e9ny alapj\u00e1n alak\u00edtjuk.<\/p>\t\t\t\t\t\t\t\t<\/div>\n\t\t\t\t<section class=\"elementor-section elementor-inner-section elementor-element elementor-element-42422a67 elementor-section-boxed elementor-section-height-default elementor-section-height-default\" data-id=\"42422a67\" data-element_type=\"section\">\n\t\t\t\t\t\t<div class=\"elementor-container elementor-column-gap-no\">\n\t\t\t\t\t<div class=\"elementor-column elementor-col-100 elementor-inner-column elementor-element elementor-element-c602413\" data-id=\"c602413\" data-element_type=\"column\">\n\t\t\t<div class=\"elementor-widget-wrap elementor-element-populated\">\n\t\t\t\t\t\t<div class=\"elementor-element elementor-element-bdba4c4 elementor-icon-list--layout-traditional elementor-list-item-link-full_width elementor-widget elementor-widget-icon-list\" data-id=\"bdba4c4\" data-element_type=\"widget\" data-widget_type=\"icon-list.default\">\n\t\t\t\t\t\t\t<ul class=\"elementor-icon-list-items\">\n\t\t\t\t\t\t\t<li class=\"elementor-icon-list-item\">\n\t\t\t\t\t\t\t\t\t\t\t<span class=\"elementor-icon-list-icon\">\n\t\t\t\t\t\t\t<svg aria-hidden=\"true\" class=\"e-font-icon-svg e-fas-check\" viewbox=\"0 0 512 512\" xmlns=\"http:\/\/www.w3.org\/2000\/svg\"><path d=\"M173.898 439.404l-166.4-166.4c-9.997-9.997-9.997-26.206 0-36.204l36.203-36.204c9.997-9.998 26.207-9.998 36.204 0L192 312.69 432.095 72.596c9.997-9.997 26.207-9.997 36.204 0l36.203 36.204c9.997 9.997 9.997 26.206 0 36.204l-294.4 294.401c-9.998 9.997-26.207 9.997-36.204-.001z\"><\/path><\/svg>\t\t\t\t\t\t<\/span>\n\t\t\t\t\t\t\t\t\t\t<span class=\"elementor-icon-list-text\">Ha szeretn\u00e9l t\u00f6bbet megtudni a csokol\u00e1d\u00e9 vil\u00e1g\u00e1r\u00f3l<\/span>\n\t\t\t\t\t\t\t\t\t<\/li>\n\t\t\t\t\t\t\t\t<li class=\"elementor-icon-list-item\">\n\t\t\t\t\t\t\t\t\t\t\t<span class=\"elementor-icon-list-icon\">\n\t\t\t\t\t\t\t<svg aria-hidden=\"true\" class=\"e-font-icon-svg e-fas-check\" viewbox=\"0 0 512 512\" xmlns=\"http:\/\/www.w3.org\/2000\/svg\"><path d=\"M173.898 439.404l-166.4-166.4c-9.997-9.997-9.997-26.206 0-36.204l36.203-36.204c9.997-9.998 26.207-9.998 36.204 0L192 312.69 432.095 72.596c9.997-9.997 26.207-9.997 36.204 0l36.203 36.204c9.997 9.997 9.997 26.206 0 36.204l-294.4 294.401c-9.998 9.997-26.207 9.997-36.204-.001z\"><\/path><\/svg>\t\t\t\t\t\t<\/span>\n\t\t\t\t\t\t\t\t\t\t<span class=\"elementor-icon-list-text\">Ha sz\u00edvesen aj\u00e1nd\u00e9kozn\u00e1l egy k\u00fcl\u00f6nleges egy\u00fctt t\u00f6lt\u00f6tt alkalmat<\/span>\n\t\t\t\t\t\t\t\t\t<\/li>\n\t\t\t\t\t\t\t\t<li class=\"elementor-icon-list-item\">\n\t\t\t\t\t\t\t\t\t\t\t<span class=\"elementor-icon-list-icon\">\n\t\t\t\t\t\t\t<svg aria-hidden=\"true\" class=\"e-font-icon-svg e-fas-check\" viewbox=\"0 0 512 512\" xmlns=\"http:\/\/www.w3.org\/2000\/svg\"><path d=\"M173.898 439.404l-166.4-166.4c-9.997-9.997-9.997-26.206 0-36.204l36.203-36.204c9.997-9.998 26.207-9.998 36.204 0L192 312.69 432.095 72.596c9.997-9.997 26.207-9.997 36.204 0l36.203 36.204c9.997 9.997 9.997 26.206 0 36.204l-294.4 294.401c-9.998 9.997-26.207 9.997-36.204-.001z\"><\/path><\/svg>\t\t\t\t\t\t<\/span>\n\t\t\t\t\t\t\t\t\t\t<span class=\"elementor-icon-list-text\">Minden eszk\u00f6zt \u00e9s alapanyagot biztos\u00edtunk \u00e9s az elk\u00e9sz\u00fclt bonbonokb\u00f3l pedig haza is vihettek, vagy a helysz\u00ednen elfogyaszthatj\u00e1tok \ud83d\ude42<\/span>\n\t\t\t\t\t\t\t\t\t<\/li>\n\t\t\t\t\t\t\t\t<li class=\"elementor-icon-list-item\">\n\t\t\t\t\t\t\t\t\t\t\t<span class=\"elementor-icon-list-icon\">\n\t\t\t\t\t\t\t<svg aria-hidden=\"true\" class=\"e-font-icon-svg e-fas-check\" viewbox=\"0 0 512 512\" xmlns=\"http:\/\/www.w3.org\/2000\/svg\"><path d=\"M173.898 439.404l-166.4-166.4c-9.997-9.997-9.997-26.206 0-36.204l36.203-36.204c9.997-9.998 26.207-9.998 36.204 0L192 312.69 432.095 72.596c9.997-9.997 26.207-9.997 36.204 0l36.203 36.204c9.997 9.997 9.997 26.206 0 36.204l-294.4 294.401c-9.998 9.997-26.207 9.997-36.204-.001z\"><\/path><\/svg>\t\t\t\t\t\t<\/span>\n\t\t\t\t\t\t\t\t\t\t<span class=\"elementor-icon-list-text\">Garant\u00e1ltan vid\u00e1m \u00e9s kreat\u00edv hangulat<\/span>\n\t\t\t\t\t\t\t\t\t<\/li>\n\t\t\t\t\t\t<\/ul>\n\t\t\t\t\t\t<\/div>\n\t\t\t\t\t<\/div>\n\t\t<\/div>\n\t\t\t\t\t<\/div>\n\t\t<\/section>\n\t\t\t\t\t<\/div>\n\t\t<\/div>\n\t\t\t\t\t<\/div>\n\t\t<\/section>\n\t\t\t\t<\/div>","protected":false},"excerpt":{"rendered":"<p>H\u00daSV\u00c9TI K\u00cdN\u00c1LATUNK M\u00c1R RENDELHET\u0150! Term\u00e9keink gondosan v\u00e1logatott alapanyagokb\u00f3l k\u00e9sz\u00fclnek, a legmagasabb szint\u0171 k\u00e9zm\u0171ves precizit\u00e1ssal Rendelek C\u00e9geknek Aj\u00e1nd\u00e9kozz k\u00fcl\u00f6nleges v\u00e1logat\u00e1st c\u00e9gen bel\u00fcl vagy partnereid sz\u00e1m\u00e1ra. Egyedi, l\u00f3g\u00f3zott bonbonokat, csokol\u00e1d\u00e9 \u00e9s borp\u00e1ros\u00edt\u00e1sokat. Hiszen nincs \u00e9desebb figyelmess\u00e9g, mint a csokol\u00e1d\u00e9. Kis-, k\u00f6z\u00e9p- \u00e9s nagy mennyis\u00e9g\u0171 rendel\u00e9st is v\u00e1llalunk! Fedezd fel \u00c9rdekl\u0151d\u00e9s eset\u00e9n keress minket el\u00e9rhet\u0151s\u00e9geinken. Workshopok, esem\u00e9nyek A [&hellip;]<\/p>","protected":false},"author":1,"featured_media":0,"parent":0,"menu_order":0,"comment_status":"closed","ping_status":"closed","template":"elementor_header_footer","meta":{"footnotes":""},"class_list":["post-3896","page","type-page","status-publish","hentry"],"_links":{"self":[{"href":"https:\/\/coco7.hu\/en\/wp-json\/wp\/v2\/pages\/3896","targetHints":{"allow":["GET"]}}],"collection":[{"href":"https:\/\/coco7.hu\/en\/wp-json\/wp\/v2\/pages"}],"about":[{"href":"https:\/\/coco7.hu\/en\/wp-json\/wp\/v2\/types\/page"}],"author":[{"embeddable":true,"href":"https:\/\/coco7.hu\/en\/wp-json\/wp\/v2\/users\/1"}],"replies":[{"embeddable":true,"href":"https:\/\/coco7.hu\/en\/wp-json\/wp\/v2\/comments?post=3896"}],"version-history":[{"count":107,"href":"https:\/\/coco7.hu\/en\/wp-json\/wp\/v2\/pages\/3896\/revisions"}],"predecessor-version":[{"id":4686,"href":"https:\/\/coco7.hu\/en\/wp-json\/wp\/v2\/pages\/3896\/revisions\/4686"}],"wp:attachment":[{"href":"https:\/\/coco7.hu\/en\/wp-json\/wp\/v2\/media?parent=3896"}],"curies":[{"name":"wp","href":"https:\/\/api.w.org\/{rel}","templated":true}]}}