{"id":15,"date":"2017-06-07T10:22:32","date_gmt":"2017-06-07T10:22:32","guid":{"rendered":"http:\/\/dev.joomexp.com\/wordpress\/laboom\/?page_id=15"},"modified":"2025-09-20T14:26:44","modified_gmt":"2025-09-20T14:26:44","slug":"kosar","status":"publish","type":"page","link":"https:\/\/coco7.hu\/en\/kosar\/","title":{"rendered":"Kos\u00e1r"},"content":{"rendered":"<div data-elementor-type=\"wp-page\" data-elementor-id=\"15\" class=\"elementor elementor-15\" data-elementor-post-type=\"page\">\n\t\t\t\t\t\t<section class=\"elementor-section elementor-top-section elementor-element elementor-element-77f6884d elementor-section-boxed elementor-section-height-default elementor-section-height-default\" data-id=\"77f6884d\" data-element_type=\"section\" data-settings=\"{&quot;background_background&quot;:&quot;classic&quot;}\">\n\t\t\t\t\t\t\t<div class=\"elementor-background-overlay\"><\/div>\n\t\t\t\t\t\t\t<div class=\"elementor-container elementor-column-gap-default\">\n\t\t\t\t\t<div class=\"elementor-column elementor-col-100 elementor-top-column elementor-element elementor-element-2f074118\" data-id=\"2f074118\" data-element_type=\"column\">\n\t\t\t<div class=\"elementor-widget-wrap elementor-element-populated\">\n\t\t\t\t\t\t<div class=\"elementor-element elementor-element-2c1b0e82 elementor-invisible elementor-widget elementor-widget-heading\" data-id=\"2c1b0e82\" data-element_type=\"widget\" data-settings=\"{&quot;_animation&quot;:&quot;fadeInDown&quot;}\" data-widget_type=\"heading.default\">\n\t\t\t\t\t<h2 class=\"elementor-heading-title elementor-size-default\">Kos\u00e1r<\/h2>\t\t\t\t<\/div>\n\t\t\t\t\t<\/div>\n\t\t<\/div>\n\t\t\t\t\t<\/div>\n\t\t<\/section>\n\t\t\t\t<section class=\"elementor-section elementor-top-section elementor-element elementor-element-232668ee elementor-section-boxed elementor-section-height-default elementor-section-height-default\" data-id=\"232668ee\" data-element_type=\"section\" data-settings=\"{&quot;background_background&quot;:&quot;classic&quot;}\">\n\t\t\t\t\t\t<div class=\"elementor-container elementor-column-gap-default\">\n\t\t\t\t\t<div class=\"elementor-column elementor-col-100 elementor-top-column elementor-element elementor-element-3f84d09e\" data-id=\"3f84d09e\" data-element_type=\"column\">\n\t\t\t<div class=\"elementor-widget-wrap elementor-element-populated\">\n\t\t\t\t\t\t<div class=\"elementor-element elementor-element-649ec6b8 e-cart-layout-two-column elementor-widget elementor-widget-woocommerce-cart\" data-id=\"649ec6b8\" data-element_type=\"widget\" data-widget_type=\"woocommerce-cart.default\">\n\t\t\t\t<div class=\"elementor-widget-container\">\n\t\t\t\t\t<div class=\"woocommerce\"><div class=\"woocommerce-notices-wrapper\"><\/div><div class=\"wc-empty-cart-message\">\n\t<div class=\"cart-empty woocommerce-info\" role=\"status\">\n\t\tYour cart is currently empty.\t<\/div>\n<\/div><\/div>\t\t\t\t<\/div>\n\t\t\t\t<\/div>\n\t\t\t\t\t<\/div>\n\t\t<\/div>\n\t\t\t\t\t<\/div>\n\t\t<\/section>\n\t\t\t\t<\/div>","protected":false},"excerpt":{"rendered":"<p>Kos\u00e1r T\u00e9tel t\u00f6rl\u00e9se B\u00e9lyegk\u00e9p Term\u00e9k \u00c1r Mennyis\u00e9g R\u00e9sz\u00f6sszeg &times; Coc\u00f37 4 darabos bonbonv\u00e1logat\u00e1s 3 200&nbsp;&#70;&#116; &#8211; Coc\u00f37 4 darabos bonbonv\u00e1logat\u00e1s mennyis\u00e9g + 3 200&nbsp;&#70;&#116; &times; Bonbonv\u00e1logat\u00e1s d\u00edszdobozban 350g 16 900&nbsp;&#70;&#116; &#8211; Bonbonv\u00e1logat\u00e1s d\u00edszdobozban 350g mennyis\u00e9g + 33 800&nbsp;&#70;&#116; &times; Mentes \u00e9tcsokol\u00e1d\u00e9-m\u00e1lna monodesszert 1 800&nbsp;&#70;&#116; &#8211; Mentes \u00e9tcsokol\u00e1d\u00e9-m\u00e1lna monodesszert mennyis\u00e9g + 1 800&nbsp;&#70;&#116; Kos\u00e1r friss\u00edt\u00e9se Kuponk\u00f3d [&hellip;]<\/p>","protected":false},"author":1,"featured_media":0,"parent":0,"menu_order":0,"comment_status":"closed","ping_status":"closed","template":"elementor_header_footer","meta":{"footnotes":""},"class_list":["post-15","page","type-page","status-publish","hentry"],"_links":{"self":[{"href":"https:\/\/coco7.hu\/en\/wp-json\/wp\/v2\/pages\/15","targetHints":{"allow":["GET"]}}],"collection":[{"href":"https:\/\/coco7.hu\/en\/wp-json\/wp\/v2\/pages"}],"about":[{"href":"https:\/\/coco7.hu\/en\/wp-json\/wp\/v2\/types\/page"}],"author":[{"embeddable":true,"href":"https:\/\/coco7.hu\/en\/wp-json\/wp\/v2\/users\/1"}],"replies":[{"embeddable":true,"href":"https:\/\/coco7.hu\/en\/wp-json\/wp\/v2\/comments?post=15"}],"version-history":[{"count":9,"href":"https:\/\/coco7.hu\/en\/wp-json\/wp\/v2\/pages\/15\/revisions"}],"predecessor-version":[{"id":4087,"href":"https:\/\/coco7.hu\/en\/wp-json\/wp\/v2\/pages\/15\/revisions\/4087"}],"wp:attachment":[{"href":"https:\/\/coco7.hu\/en\/wp-json\/wp\/v2\/media?parent=15"}],"curies":[{"name":"wp","href":"https:\/\/api.w.org\/{rel}","templated":true}]}}